{"id":16,"date":"2022-06-22T19:15:56","date_gmt":"2022-06-22T19:15:56","guid":{"rendered":"https:\/\/antonioyantonina.com\/?page_id=16"},"modified":"2026-01-15T03:00:59","modified_gmt":"2026-01-15T03:00:59","slug":"mensaje","status":"publish","type":"page","link":"https:\/\/antonioyantonina.com\/?page_id=16","title":{"rendered":"Mensajes"},"content":{"rendered":"\n<div class=\"wp-block-cover is-light\" style=\"min-height:74px;aspect-ratio:unset;\"><span aria-hidden=\"true\" class=\"wp-block-cover__background has-pale-cyan-blue-background-color has-background-dim-100 has-background-dim\"><\/span><div class=\"wp-block-cover__inner-container is-layout-flow wp-block-cover-is-layout-flow\">\n<p class=\"has-text-align-center has-large-font-size\">To\u00f1o y Nina, <\/p>\n\n\n\n<p class=\"has-text-align-center has-large-font-size\">los quiero mucho y los extra\u00f1o, <\/p>\n\n\n\n<p class=\"has-text-align-center has-large-font-size\">mi coraz\u00f3n est\u00e1 con ustedes. <\/p>\n\n\n\n<p class=\"has-text-align-center has-large-font-size\">Pap\u00e1.<\/p>\n<\/div><\/div>\n\n\n\n<p><\/p>\n\n\n\n<p class=\"has-text-align-center\"><\/p>\n\n\n\n<p><\/p>\n\n\n<div class=\"wp-block-image\">\n<figure class=\"aligncenter size-full is-resized\"><img loading=\"lazy\" decoding=\"async\" width=\"290\" height=\"375\" src=\"https:\/\/antonioyantonina.com\/wp-content\/uploads\/2022\/06\/papa.jpg\" alt=\"\" class=\"wp-image-123\" style=\"width:339px;height:437px\" srcset=\"https:\/\/antonioyantonina.com\/wp-content\/uploads\/2022\/06\/papa.jpg 290w, https:\/\/antonioyantonina.com\/wp-content\/uploads\/2022\/06\/papa-232x300.jpg 232w\" sizes=\"auto, (max-width: 290px) 100vw, 290px\" \/><\/figure>\n<\/div>\n\n\n<p><\/p>\n\n\n\n<p><\/p>\n\n\n<div class=\"wp-block-image\">\n<figure class=\"aligncenter size-full is-resized\"><img loading=\"lazy\" decoding=\"async\" width=\"478\" height=\"467\" src=\"https:\/\/antonioyantonina.com\/wp-content\/uploads\/2022\/06\/Gorditos1-1.png\" alt=\"\" class=\"wp-image-139\" style=\"width:380px;height:371px\" srcset=\"https:\/\/antonioyantonina.com\/wp-content\/uploads\/2022\/06\/Gorditos1-1.png 478w, https:\/\/antonioyantonina.com\/wp-content\/uploads\/2022\/06\/Gorditos1-1-300x293.png 300w\" sizes=\"auto, (max-width: 478px) 100vw, 478px\" \/><figcaption class=\"wp-element-caption\"><strong>Su casa los espera To\u00f1o y Nina<br>les mando un abrazo desde aqu\u00ed. 24\/06\/2022<\/strong><\/figcaption><\/figure>\n<\/div>\n\n<div class=\"wp-block-image\">\n<figure class=\"aligncenter size-large is-resized\"><img loading=\"lazy\" decoding=\"async\" width=\"768\" height=\"1024\" src=\"https:\/\/antonioyantonina.com\/wp-content\/uploads\/2022\/06\/IMG20211018164630-768x1024.jpg\" alt=\"\" class=\"wp-image-142\" style=\"width:382px;height:508px\" srcset=\"https:\/\/antonioyantonina.com\/wp-content\/uploads\/2022\/06\/IMG20211018164630-768x1024.jpg 768w, https:\/\/antonioyantonina.com\/wp-content\/uploads\/2022\/06\/IMG20211018164630-225x300.jpg 225w, https:\/\/antonioyantonina.com\/wp-content\/uploads\/2022\/06\/IMG20211018164630-1152x1536.jpg 1152w, https:\/\/antonioyantonina.com\/wp-content\/uploads\/2022\/06\/IMG20211018164630-1536x2048.jpg 1536w, https:\/\/antonioyantonina.com\/wp-content\/uploads\/2022\/06\/IMG20211018164630-scaled.jpg 1920w\" sizes=\"auto, (max-width: 768px) 100vw, 768px\" \/><figcaption class=\"wp-element-caption\"><strong><strong>Amanda los extra\u00f1a To\u00f1o y Nina, los queremos<br>y los tiburcios tambi\u00e9n. 27\/06\/202<\/strong>2<\/strong><\/figcaption><\/figure>\n<\/div>\n\n<div class=\"wp-block-image\">\n<figure class=\"aligncenter size-full is-resized\"><img loading=\"lazy\" decoding=\"async\" width=\"454\" height=\"406\" src=\"https:\/\/antonioyantonina.com\/wp-content\/uploads\/2022\/06\/Tios-y-abuelito.png\" alt=\"\" class=\"wp-image-164\" style=\"width:375px;height:335px\" srcset=\"https:\/\/antonioyantonina.com\/wp-content\/uploads\/2022\/06\/Tios-y-abuelito.png 454w, https:\/\/antonioyantonina.com\/wp-content\/uploads\/2022\/06\/Tios-y-abuelito-300x268.png 300w\" sizes=\"auto, (max-width: 454px) 100vw, 454px\" \/><figcaption class=\"wp-element-caption\">To\u00f1o y Nina. Su abuelito y sus t\u00edos est\u00e1n con ustedes. 29\/06\/2022<\/figcaption><\/figure>\n<\/div>\n\n\n<figure class=\"wp-block-gallery has-nested-images columns-default is-cropped wp-block-gallery-1 is-layout-flex wp-block-gallery-is-layout-flex\"><\/figure>\n\n\n\n<figure class=\"wp-block-embed is-type-rich is-provider-gestor-del-servicio wp-block-embed-gestor-del-servicio\"><div class=\"wp-block-embed__wrapper\">\n<div style=\"width: 640px;\" class=\"wp-video\"><video class=\"wp-video-shortcode\" id=\"video-16-1\" width=\"640\" height=\"360\" preload=\"metadata\" controls=\"controls\"><source type=\"video\/mp4\" src=\"https:\/\/antonioyantonina.com\/wp-content\/uploads\/2022\/06\/gmt20220628-004049-recording-1920x1080_7ZYnyDg5-4.mp4?_=1\" \/><a href=\"https:\/\/antonioyantonina.com\/wp-content\/uploads\/2022\/06\/gmt20220628-004049-recording-1920x1080_7ZYnyDg5-4.mp4\">https:\/\/antonioyantonina.com\/wp-content\/uploads\/2022\/06\/gmt20220628-004049-recording-1920x1080_7ZYnyDg5-4.mp4<\/a><\/video><\/div>\n<\/div><figcaption class=\"wp-element-caption\">Entrevista, To\u00f1o y Nina, ustedes son lo m\u00e1s maravilloso de mi vida.<\/figcaption><\/figure>\n\n\n<div class=\"wp-block-image\">\n<figure class=\"aligncenter size-full\"><img loading=\"lazy\" decoding=\"async\" width=\"459\" height=\"244\" src=\"https:\/\/antonioyantonina.com\/wp-content\/uploads\/2022\/07\/Primos-2.png\" alt=\"\" class=\"wp-image-195\" srcset=\"https:\/\/antonioyantonina.com\/wp-content\/uploads\/2022\/07\/Primos-2.png 459w, https:\/\/antonioyantonina.com\/wp-content\/uploads\/2022\/07\/Primos-2-300x159.png 300w\" sizes=\"auto, (max-width: 459px) 100vw, 459px\" \/><figcaption class=\"wp-element-caption\">Sus primos est\u00e1n con ustedes, los extra\u00f1an. 30\/06\/2022<\/figcaption><\/figure>\n<\/div>\n\n<div class=\"wp-block-image\">\n<figure class=\"aligncenter size-full is-resized\"><img loading=\"lazy\" decoding=\"async\" width=\"1024\" height=\"768\" src=\"https:\/\/antonioyantonina.com\/wp-content\/uploads\/2022\/07\/IMG-20220710-WA0037.jpg\" alt=\"\" class=\"wp-image-217\" style=\"width:408px;height:306px\" srcset=\"https:\/\/antonioyantonina.com\/wp-content\/uploads\/2022\/07\/IMG-20220710-WA0037.jpg 1024w, https:\/\/antonioyantonina.com\/wp-content\/uploads\/2022\/07\/IMG-20220710-WA0037-300x225.jpg 300w, https:\/\/antonioyantonina.com\/wp-content\/uploads\/2022\/07\/IMG-20220710-WA0037-768x576.jpg 768w\" sizes=\"auto, (max-width: 1024px) 100vw, 1024px\" \/><figcaption class=\"wp-element-caption\">01\/07 \/2022 Siempre estoy pensando en ustedes To\u00f1o y Nina.<\/figcaption><\/figure>\n<\/div>\n\n\n<figure class=\"wp-block-gallery has-nested-images columns-default is-cropped wp-block-gallery-2 is-layout-flex wp-block-gallery-is-layout-flex\"><\/figure>\n\n\n<div class=\"wp-block-image\">\n<figure class=\"alignleft size-full is-resized\"><img loading=\"lazy\" decoding=\"async\" width=\"561\" height=\"724\" src=\"https:\/\/antonioyantonina.com\/wp-content\/uploads\/2023\/02\/Pinata-1.jpeg\" alt=\"\" class=\"wp-image-286\" style=\"width:-156px;height:-201px\" srcset=\"https:\/\/antonioyantonina.com\/wp-content\/uploads\/2023\/02\/Pinata-1.jpeg 561w, https:\/\/antonioyantonina.com\/wp-content\/uploads\/2023\/02\/Pinata-1-232x300.jpeg 232w\" sizes=\"auto, (max-width: 561px) 100vw, 561px\" \/><figcaption class=\"wp-element-caption\">Nunca soltar\u00e9 su mano.<\/figcaption><\/figure>\n<\/div>\n\n<div class=\"wp-block-image\">\n<figure class=\"alignright size-large is-resized\"><img loading=\"lazy\" decoding=\"async\" width=\"768\" height=\"1024\" src=\"https:\/\/antonioyantonina.com\/wp-content\/uploads\/2023\/02\/pastel-768x1024.jpeg\" alt=\"\" class=\"wp-image-290\" style=\"width:358px;height:476px\" srcset=\"https:\/\/antonioyantonina.com\/wp-content\/uploads\/2023\/02\/pastel-768x1024.jpeg 768w, https:\/\/antonioyantonina.com\/wp-content\/uploads\/2023\/02\/pastel-225x300.jpeg 225w, https:\/\/antonioyantonina.com\/wp-content\/uploads\/2023\/02\/pastel.jpeg 966w\" sizes=\"auto, (max-width: 768px) 100vw, 768px\" \/><figcaption class=\"wp-element-caption\">Sus primos a diario me preguntan por ustedes.<\/figcaption><\/figure>\n<\/div>","protected":false},"excerpt":{"rendered":"","protected":false},"author":4,"featured_media":0,"parent":0,"menu_order":3,"comment_status":"closed","ping_status":"closed","template":"","meta":{"footnotes":""},"class_list":["post-16","page","type-page","status-publish","hentry"],"_links":{"self":[{"href":"https:\/\/antonioyantonina.com\/index.php?rest_route=\/wp\/v2\/pages\/16","targetHints":{"allow":["GET"]}}],"collection":[{"href":"https:\/\/antonioyantonina.com\/index.php?rest_route=\/wp\/v2\/pages"}],"about":[{"href":"https:\/\/antonioyantonina.com\/index.php?rest_route=\/wp\/v2\/types\/page"}],"author":[{"embeddable":true,"href":"https:\/\/antonioyantonina.com\/index.php?rest_route=\/wp\/v2\/users\/4"}],"replies":[{"embeddable":true,"href":"https:\/\/antonioyantonina.com\/index.php?rest_route=%2Fwp%2Fv2%2Fcomments&post=16"}],"version-history":[{"count":36,"href":"https:\/\/antonioyantonina.com\/index.php?rest_route=\/wp\/v2\/pages\/16\/revisions"}],"predecessor-version":[{"id":303,"href":"https:\/\/antonioyantonina.com\/index.php?rest_route=\/wp\/v2\/pages\/16\/revisions\/303"}],"wp:attachment":[{"href":"https:\/\/antonioyantonina.com\/index.php?rest_route=%2Fwp%2Fv2%2Fmedia&parent=16"}],"curies":[{"name":"wp","href":"https:\/\/api.w.org\/{rel}","templated":true}]}}